{"id":6345,"date":"2025-06-25T12:50:23","date_gmt":"2025-06-25T10:50:23","guid":{"rendered":"https:\/\/shop.redcross-logistics.ch\/product\/lampe-de-poche-crs\/"},"modified":"2025-06-25T12:58:40","modified_gmt":"2025-06-25T10:58:40","slug":"lampe-de-poche-crs","status":"publish","type":"product","link":"https:\/\/shop.redcross-logistics.ch\/fr\/produit\/lampe-de-poche-crs\/","title":{"rendered":"Lampe de poche CRS"},"content":{"rendered":"<p>Lampe de poche rechargeable 5W en aluminium avec gravure au laser. La lampe de poche dispose de caract\u00e9ristiques particuli\u00e8res comme une LED de 300 lumens, 4 modes d&rsquo;\u00e9clairage et un zoom t\u00e9lescopique. La batterie a une capacit\u00e9 de 2.000 mAh et peut \u00eatre recharg\u00e9e avec un c\u00e2ble USB-C.<\/p>\n<p>Livr\u00e9 dans une bo\u00eete cadeau en carton.<\/p>\n<p>28 x 126 mm Carton 32 x 32 x 130 mm<\/p>\n","protected":false},"excerpt":{"rendered":"<p>Lampe de poche rechargeable 5W en aluminium avec gravure au laser. La lampe de poche dispose de caract\u00e9ristiques particuli\u00e8res comme une LED de 300 lumens, 4 modes d&rsquo;\u00e9clairage et un zoom t\u00e9lescopique. La batterie a une capacit\u00e9 de 2.000 mAh et peut \u00eatre recharg\u00e9e avec un c\u00e2ble USB-C. Livr\u00e9 dans une bo\u00eete cadeau en carton.&hellip;&nbsp;<a href=\"https:\/\/shop.redcross-logistics.ch\/fr\/produit\/lampe-de-poche-crs\/\" class=\"\" rel=\"bookmark\">Lire la suite &raquo;<span class=\"screen-reader-text\">Lampe de poche CRS<\/span><\/a><\/p>\n","protected":false},"featured_media":6343,"template":"","meta":{"neve_meta_sidebar":"","neve_meta_container":"","neve_meta_enable_content_width":"off","neve_meta_content_width":100,"neve_meta_title_alignment":"","neve_meta_author_avatar":"","neve_post_elements_order":"","neve_meta_disable_header":"","neve_meta_disable_footer":"","neve_meta_disable_title":""},"product_cat":[464,246],"product_tag":[],"_links":{"self":[{"href":"https:\/\/shop.redcross-logistics.ch\/fr\/wp-json\/wp\/v2\/product\/6345"}],"collection":[{"href":"https:\/\/shop.redcross-logistics.ch\/fr\/wp-json\/wp\/v2\/product"}],"about":[{"href":"https:\/\/shop.redcross-logistics.ch\/fr\/wp-json\/wp\/v2\/types\/product"}],"wp:featuredmedia":[{"embeddable":true,"href":"https:\/\/shop.redcross-logistics.ch\/fr\/wp-json\/wp\/v2\/media\/6343"}],"wp:attachment":[{"href":"https:\/\/shop.redcross-logistics.ch\/fr\/wp-json\/wp\/v2\/media?parent=6345"}],"wp:term":[{"taxonomy":"product_cat","embeddable":true,"href":"https:\/\/shop.redcross-logistics.ch\/fr\/wp-json\/wp\/v2\/product_cat?post=6345"},{"taxonomy":"product_tag","embeddable":true,"href":"https:\/\/shop.redcross-logistics.ch\/fr\/wp-json\/wp\/v2\/product_tag?post=6345"}],"curies":[{"name":"wp","href":"https:\/\/api.w.org\/{rel}","templated":true}]}}