{"id":6275,"date":"2025-05-20T10:20:41","date_gmt":"2025-05-20T08:20:41","guid":{"rendered":"https:\/\/shop.redcross-logistics.ch\/product\/set-depingles-de-surete-a-5-pcs\/"},"modified":"2026-02-03T15:11:50","modified_gmt":"2026-02-03T14:11:50","slug":"set-depingles-de-surete-a-5-pcs","status":"publish","type":"product","link":"https:\/\/shop.redcross-logistics.ch\/fr\/produit\/set-depingles-de-surete-a-5-pcs\/","title":{"rendered":"Set d&rsquo;\u00e9pingles de s\u00fbret\u00e9 \u00e0 5 pcs."},"content":{"rendered":"","protected":false},"excerpt":{"rendered":"","protected":false},"featured_media":6272,"template":"","meta":{"neve_meta_sidebar":"","neve_meta_container":"","neve_meta_enable_content_width":"off","neve_meta_content_width":100,"neve_meta_title_alignment":"","neve_meta_author_avatar":"","neve_post_elements_order":"","neve_meta_disable_header":"","neve_meta_disable_footer":"","neve_meta_disable_title":""},"product_cat":[464,247],"product_tag":[],"_links":{"self":[{"href":"https:\/\/shop.redcross-logistics.ch\/fr\/wp-json\/wp\/v2\/product\/6275"}],"collection":[{"href":"https:\/\/shop.redcross-logistics.ch\/fr\/wp-json\/wp\/v2\/product"}],"about":[{"href":"https:\/\/shop.redcross-logistics.ch\/fr\/wp-json\/wp\/v2\/types\/product"}],"wp:featuredmedia":[{"embeddable":true,"href":"https:\/\/shop.redcross-logistics.ch\/fr\/wp-json\/wp\/v2\/media\/6272"}],"wp:attachment":[{"href":"https:\/\/shop.redcross-logistics.ch\/fr\/wp-json\/wp\/v2\/media?parent=6275"}],"wp:term":[{"taxonomy":"product_cat","embeddable":true,"href":"https:\/\/shop.redcross-logistics.ch\/fr\/wp-json\/wp\/v2\/product_cat?post=6275"},{"taxonomy":"product_tag","embeddable":true,"href":"https:\/\/shop.redcross-logistics.ch\/fr\/wp-json\/wp\/v2\/product_tag?post=6275"}],"curies":[{"name":"wp","href":"https:\/\/api.w.org\/{rel}","templated":true}]}}