{"id":5001,"date":"2023-09-20T15:09:38","date_gmt":"2023-09-20T13:09:38","guid":{"rendered":"https:\/\/staging.redcross-logistics.ch\/product\/malstifte-srk\/"},"modified":"2026-04-13T16:23:30","modified_gmt":"2026-04-13T14:23:30","slug":"malstifte-srk","status":"publish","type":"product","link":"https:\/\/shop.redcross-logistics.ch\/fr\/produit\/malstifte-srk\/","title":{"rendered":"Crayons de couleur CRS"},"content":{"rendered":"<p><span style=\"font-family: Arial, sans-serif;\"><strong>Format:<\/strong> 4.5 x 9 x 0.8cm<\/span><\/p>\n<p><strong>Emballage:<\/strong>\u00a0bo\u00eete en mat\u00e9riau recycl\u00e9, pochette cartonn\u00e9e gris clair<\/p>\n<p><span style=\"font-family: Arial, sans-serif;\"><strong>Contenu:<\/strong> 6 crayons de couleur en bois brut<\/span><\/p>\n","protected":false},"excerpt":{"rendered":"<p>Format: 4.5 x 9 x 0.8cm Emballage:\u00a0bo\u00eete en mat\u00e9riau recycl\u00e9, pochette cartonn\u00e9e gris clair Contenu: 6 crayons de couleur en bois brut<\/p>\n","protected":false},"featured_media":4998,"template":"","meta":{"neve_meta_sidebar":"","neve_meta_container":"","neve_meta_enable_content_width":"off","neve_meta_content_width":100,"neve_meta_title_alignment":"","neve_meta_author_avatar":"","neve_post_elements_order":"","neve_meta_disable_header":"","neve_meta_disable_footer":"","neve_meta_disable_title":""},"product_cat":[247],"product_tag":[],"_links":{"self":[{"href":"https:\/\/shop.redcross-logistics.ch\/fr\/wp-json\/wp\/v2\/product\/5001"}],"collection":[{"href":"https:\/\/shop.redcross-logistics.ch\/fr\/wp-json\/wp\/v2\/product"}],"about":[{"href":"https:\/\/shop.redcross-logistics.ch\/fr\/wp-json\/wp\/v2\/types\/product"}],"wp:featuredmedia":[{"embeddable":true,"href":"https:\/\/shop.redcross-logistics.ch\/fr\/wp-json\/wp\/v2\/media\/4998"}],"wp:attachment":[{"href":"https:\/\/shop.redcross-logistics.ch\/fr\/wp-json\/wp\/v2\/media?parent=5001"}],"wp:term":[{"taxonomy":"product_cat","embeddable":true,"href":"https:\/\/shop.redcross-logistics.ch\/fr\/wp-json\/wp\/v2\/product_cat?post=5001"},{"taxonomy":"product_tag","embeddable":true,"href":"https:\/\/shop.redcross-logistics.ch\/fr\/wp-json\/wp\/v2\/product_tag?post=5001"}],"curies":[{"name":"wp","href":"https:\/\/api.w.org\/{rel}","templated":true}]}}