{"id":4990,"date":"2023-09-20T14:12:03","date_gmt":"2023-09-20T12:12:03","guid":{"rendered":"https:\/\/staging.redcross-logistics.ch\/?post_type=product&#038;p=4990"},"modified":"2024-05-30T14:26:46","modified_gmt":"2024-05-30T12:26:46","slug":"ganzkoerperseife-torso-mit-srk-logo","status":"publish","type":"product","link":"https:\/\/shop.redcross-logistics.ch\/fr\/produit\/ganzkoerperseife-torso-mit-srk-logo\/","title":{"rendered":"Savon pour le corps \u00abTorso\u00bb avec Logo CRS"},"content":{"rendered":"<p><span lang=\"FR-CH\">Les savons d\u2019Oberh\u00e4nsli sont exclusivement fabriqu\u00e9s \u00e0 la main en Suisse avec des huiles v\u00e9g\u00e9tales nobles et beaucoup d\u2019amour. Ces savons pour le corps, compos\u00e9s principalement d\u2019ingr\u00e9dients nutritifs et de pr\u00e9cieux beurres v\u00e9g\u00e9taux, prot\u00e8gent la peau du dess\u00e8chement et lui apportent douceur et souplesse.<\/span><\/p>\n<p><b><span lang=\"FR-CH\">Sans tensioactifs, Sans huile de palme, Sans plastique, Sans conservateurs, Durable.<\/span><\/b><\/p>\n<p><b><span lang=\"FR-CH\">Ingr\u00e9dients<\/span><\/b><span lang=\"FR-CH\">: huiles v\u00e9g\u00e9tales et composants nourrissants tels que beurre de karit\u00e9, huile d\u2019olive, huile de coco, huile de ricin et argile<\/span><\/p>\n<p><span lang=\"FR-CH\"><b>Parfum:<\/b> \u00a0\u00abTorso\u00bb, un parfum \u00e9pic\u00e9 alliant fra\u00eecheur et douceur<\/span><\/p>\n<p><b><span lang=\"FR-CH\">Poids: <\/span><\/b><span lang=\"FR-CH\">110 g (poids pris sur savon frais)<\/span><\/p>\n","protected":false},"excerpt":{"rendered":"<p>Les savons d\u2019Oberh\u00e4nsli sont exclusivement fabriqu\u00e9s \u00e0 la main en Suisse avec des huiles v\u00e9g\u00e9tales nobles et beaucoup d\u2019amour. Ces savons pour le corps, compos\u00e9s principalement d\u2019ingr\u00e9dients nutritifs et de pr\u00e9cieux beurres v\u00e9g\u00e9taux, prot\u00e8gent la peau du dess\u00e8chement et lui apportent douceur et souplesse. Sans tensioactifs, Sans huile de palme, Sans plastique, Sans conservateurs, Durable.&hellip;&nbsp;<a href=\"https:\/\/shop.redcross-logistics.ch\/fr\/produit\/ganzkoerperseife-torso-mit-srk-logo\/\" class=\"\" rel=\"bookmark\">Lire la suite &raquo;<span class=\"screen-reader-text\">Savon pour le corps \u00abTorso\u00bb avec Logo CRS<\/span><\/a><\/p>\n","protected":false},"featured_media":4981,"template":"","meta":{"neve_meta_sidebar":"","neve_meta_container":"","neve_meta_enable_content_width":"off","neve_meta_content_width":100,"neve_meta_title_alignment":"","neve_meta_author_avatar":"","neve_post_elements_order":"","neve_meta_disable_header":"","neve_meta_disable_footer":"","neve_meta_disable_title":""},"product_cat":[246],"product_tag":[],"_links":{"self":[{"href":"https:\/\/shop.redcross-logistics.ch\/fr\/wp-json\/wp\/v2\/product\/4990"}],"collection":[{"href":"https:\/\/shop.redcross-logistics.ch\/fr\/wp-json\/wp\/v2\/product"}],"about":[{"href":"https:\/\/shop.redcross-logistics.ch\/fr\/wp-json\/wp\/v2\/types\/product"}],"wp:featuredmedia":[{"embeddable":true,"href":"https:\/\/shop.redcross-logistics.ch\/fr\/wp-json\/wp\/v2\/media\/4981"}],"wp:attachment":[{"href":"https:\/\/shop.redcross-logistics.ch\/fr\/wp-json\/wp\/v2\/media?parent=4990"}],"wp:term":[{"taxonomy":"product_cat","embeddable":true,"href":"https:\/\/shop.redcross-logistics.ch\/fr\/wp-json\/wp\/v2\/product_cat?post=4990"},{"taxonomy":"product_tag","embeddable":true,"href":"https:\/\/shop.redcross-logistics.ch\/fr\/wp-json\/wp\/v2\/product_tag?post=4990"}],"curies":[{"name":"wp","href":"https:\/\/api.w.org\/{rel}","templated":true}]}}